{"id":5,"date":"2023-06-03T07:11:30","date_gmt":"2023-06-03T07:11:30","guid":{"rendered":"https:\/\/reparaciongoterasytejados.es\/?page_id=5"},"modified":"2023-08-28T19:28:09","modified_gmt":"2023-08-28T19:28:09","slug":"reparacion-goteras-y-tejados","status":"publish","type":"page","link":"https:\/\/reparaciongoterasytejados.es\/","title":{"rendered":"Reparaci\u00f3n goteras y tejados"},"content":{"rendered":"<p>[et_pb_section fb_built=\u00bb1&#8243; custom_padding_last_edited=\u00bboff|desktop\u00bb admin_label=\u00bbHeader\u00bb _builder_version=\u00bb4.21.0&#8243; _module_preset=\u00bbdefault\u00bb background_color=\u00bbgcid-3a379ca8-6bf9-434c-8a61-08511851f29f\u00bb background_enable_pattern_style=\u00bbon\u00bb background_pattern_style=\u00bbpills\u00bb background_pattern_repeat_origin=\u00bbcenter\u00bb overflow-x=\u00bbhidden\u00bb overflow-y=\u00bbhidden\u00bb custom_margin=\u00bb||||false|false\u00bb custom_margin_tablet=\u00bb||0vw||false|false\u00bb custom_margin_phone=\u00bb||0vw||false|false\u00bb custom_margin_last_edited=\u00bboff|desktop\u00bb custom_padding=\u00bb0px||0px||false|false\u00bb custom_padding_tablet=\u00bb||0px||false|false\u00bb custom_padding_phone=\u00bb||0px||false|false\u00bb collapsed=\u00bbon\u00bb global_colors_info=\u00bb{%22gcid-3a379ca8-6bf9-434c-8a61-08511851f29f%22:%91%22background_color%22%93}\u00bb][et_pb_row column_structure=\u00bb2_5,3_5&#8243; use_custom_gutter=\u00bbon\u00bb make_equal=\u00bbon\u00bb _builder_version=\u00bb4.21.0&#8243; _module_preset=\u00bbdefault\u00bb width=\u00bb100%\u00bb width_tablet=\u00bb93%\u00bb width_phone=\u00bb89%\u00bb width_last_edited=\u00bbon|phone\u00bb max_width=\u00bb1194px\u00bb custom_padding=\u00bb0px||0px||true|false\u00bb box_shadow_style=\u00bbpreset4&#8243; box_shadow_horizontal=\u00bb30vw\u00bb box_shadow_vertical=\u00bb0px\u00bb box_shadow_color=\u00bb#FFFFFF\u00bb global_colors_info=\u00bb{}\u00bb][et_pb_column type=\u00bb2_5&#8243; _builder_version=\u00bb4.19.2&#8243; _module_preset=\u00bbdefault\u00bb custom_padding=\u00bb8%|20px|8%||true|false\u00bb global_colors_info=\u00bb{}\u00bb][et_pb_text _builder_version=\u00bb4.21.0&#8243; _module_preset=\u00bb594d8d3e-04ff-43a2-bbd8-174b03502250&#8243; text_font=\u00bb||||||||\u00bb text_text_color=\u00bb#FFFFFF\u00bb text_font_size=\u00bb40px\u00bb text_line_height=\u00bb1.4em\u00bb header_text_color=\u00bb#FFFFFF\u00bb width=\u00bb100%\u00bb max_width=\u00bb100%\u00bb module_alignment=\u00bbcenter\u00bb text_font_size_tablet=\u00bb40px\u00bb text_font_size_phone=\u00bb25px\u00bb text_font_size_last_edited=\u00bbon|phone\u00bb global_colors_info=\u00bb{}\u00bb]<\/p>\n<p>Tejados, impermeabilizaciones y fontaner\u00eda<\/p>\n<p>[\/et_pb_text][et_pb_text _builder_version=\u00bb4.21.0&#8243; _module_preset=\u00bbd430f920-e2eb-4705-9906-0bad7937d0ac\u00bb text_text_color=\u00bb#FFFFFF\u00bb custom_margin=\u00bb||30px||false|false\u00bb global_colors_info=\u00bb{}\u00bb]<\/p>\n<p>Somos una Empresa especializada en<span>\u00a0<\/span><strong>reparaci\u00f3n de tejados<\/strong>, goteras, cubiertas, impermeabilizaciones, tejados de naves industriales, montaje de canalones, tejados de teja, limpieza de tejados y cubiertas, limpieza de canalones, control de aves y fontaner\u00eda.<\/p>\n<p>[\/et_pb_text][et_pb_button button_url=\u00bb#contactocu\u00bb button_text=\u00bbSolicita presupuesto\u00bb _builder_version=\u00bb4.21.0&#8243; _module_preset=\u00bb46f9e3c4-b0ce-46db-ad95-e666d78a49dd\u00bb global_colors_info=\u00bb{}\u00bb][\/et_pb_button][\/et_pb_column][et_pb_column type=\u00bb3_5&#8243; _builder_version=\u00bb4.21.0&#8243; _module_preset=\u00bbdefault\u00bb background_color=\u00bb#FFFFFF\u00bb background_enable_image=\u00bboff\u00bb background_position=\u00bbbottom_center\u00bb background_video_mp4=\u00bbhttps:\/\/reparaciongoterasytejados.es\/wp-content\/uploads\/2023\/08\/CUTESA-INTRO.mp4&#8243; custom_padding=\u00bb||6vw||false|false\u00bb global_colors_info=\u00bb{}\u00bb][et_pb_text _builder_version=\u00bb4.21.0&#8243; _module_preset=\u00bbdefault\u00bb global_colors_info=\u00bb{}\u00bb]<\/p>\n<p>&nbsp;<\/p>\n<p>&nbsp;<\/p>\n<p>&nbsp;<\/p>\n<p>&nbsp;<\/p>\n<p>&nbsp;<\/p>\n<p>&nbsp;<\/p>\n<p>&nbsp;<\/p>\n<p>[\/et_pb_text][\/et_pb_column][\/et_pb_row][et_pb_row _builder_version=\u00bb4.21.0&#8243; _module_preset=\u00bbdefault\u00bb background_color=\u00bbgcid-ba664267-6f92-4ac5-a88f-855d6fa318fd\u00bb max_width=\u00bb800px\u00bb custom_margin=\u00bb||||false|false\u00bb custom_margin_tablet=\u00bb||0vw||false|false\u00bb custom_margin_phone=\u00bb||0vw||false|false\u00bb custom_margin_last_edited=\u00bboff|desktop\u00bb custom_padding=\u00bb60px|60px|60px|60px|true|true\u00bb box_shadow_style=\u00bbpreset4&#8243; box_shadow_horizontal=\u00bb30vw\u00bb box_shadow_vertical=\u00bb0px\u00bb box_shadow_color=\u00bb#FFFFFF\u00bb global_colors_info=\u00bb{%22gcid-ba664267-6f92-4ac5-a88f-855d6fa318fd%22:%91%22background_color%22%93}\u00bb][et_pb_column type=\u00bb4_4&#8243; _builder_version=\u00bb4.19.0&#8243; _module_preset=\u00bbdefault\u00bb global_colors_info=\u00bb{}\u00bb][et_pb_text _builder_version=\u00bb4.21.0&#8243; _module_preset=\u00bbeb1ab4ca-a53b-4c25-a6a5-f9b0b1ab7931&#8243; header_3_text_color=\u00bb#FFFFFF\u00bb text_orientation=\u00bbcenter\u00bb global_colors_info=\u00bb{}\u00bb]<\/p>\n<h3>Presupuesto sin compromiso<\/h3>\n<p>[\/et_pb_text][et_pb_text _builder_version=\u00bb4.19.2&#8243; _module_preset=\u00bb0390bb03-982f-4c45-9be6-234d57e202d3&#8243; header_2_text_color=\u00bb#FFE35B\u00bb text_orientation=\u00bbcenter\u00bb locked=\u00bboff\u00bb global_colors_info=\u00bb{}\u00bb]<\/p>\n<h2>627 91 91 20<\/h2>\n<p>[\/et_pb_text][\/et_pb_column][\/et_pb_row][\/et_pb_section][et_pb_section fb_built=\u00bb1&#8243; admin_label=\u00bbServices\u00bb _builder_version=\u00bb4.19.2&#8243; _module_preset=\u00bbdefault\u00bb custom_padding=\u00bb||15px|||\u00bb saved_tabs=\u00bball\u00bb collapsed=\u00bboff\u00bb global_colors_info=\u00bb{}\u00bb][et_pb_row _builder_version=\u00bb4.19.2&#8243; _module_preset=\u00bbdefault\u00bb global_colors_info=\u00bb{}\u00bb][et_pb_column type=\u00bb4_4&#8243; _builder_version=\u00bb4.19.2&#8243; _module_preset=\u00bbdefault\u00bb global_colors_info=\u00bb{}\u00bb][et_pb_text _builder_version=\u00bb4.21.0&#8243; _module_preset=\u00bb0390bb03-982f-4c45-9be6-234d57e202d3&#8243; global_colors_info=\u00bb{}\u00bb]<\/p>\n<h2>Nuestros Servicios<\/h2>\n<p>[\/et_pb_text][\/et_pb_column][\/et_pb_row][et_pb_row column_structure=\u00bb1_2,1_2&#8243; custom_padding_last_edited=\u00bbon|tablet\u00bb _builder_version=\u00bb4.19.0&#8243; _module_preset=\u00bbdefault\u00bb custom_padding_tablet=\u00bb||0px||false|false\u00bb custom_padding_phone=\u00bb\u00bb global_colors_info=\u00bb{}\u00bb][et_pb_column type=\u00bb1_2&#8243; _builder_version=\u00bb4.19.0&#8243; _module_preset=\u00bbdefault\u00bb global_colors_info=\u00bb{}\u00bb][et_pb_blurb title=\u00bbGoteras\u00bb image=\u00bbhttps:\/\/reparaciongoterasytejados.es\/wp-content\/uploads\/2023\/06\/2.png\u00bb _builder_version=\u00bb4.21.0&#8243; _module_preset=\u00bb69cf5578-674e-4830-ae39-9e7666b5cdfa\u00bb locked=\u00bboff\u00bb global_colors_info=\u00bb{}\u00bb]<\/p>\n<p><strong>Reparaciones de tejados<\/strong><span>\u00a0y soluciones definitivas de\u00a0<\/span><strong>goteras<\/strong><span>\u00a0para particulares, y empresas, contando con personal cualificado para realizar este tipo de trabajos y garantizando todos nuestros servicios con materiales de primera calidad. Limpieza y eficacia trabajando en cualquier tipo de tejado o cubierta como: teja, uralita, chapa, tela asf\u00e1ltica y cubiertas transitables de hormig\u00f3n o soladas, as\u00ed como la reparaci\u00f3n y el montaje de tejados de pizarra.<\/span><\/p>\n<p>[\/et_pb_blurb][\/et_pb_column][et_pb_column type=\u00bb1_2&#8243; _builder_version=\u00bb4.19.0&#8243; _module_preset=\u00bbdefault\u00bb global_colors_info=\u00bb{}\u00bb][et_pb_blurb title=\u00bbImpermeabilizaciones\u00bb image=\u00bbhttps:\/\/reparaciongoterasytejados.es\/wp-content\/uploads\/2023\/06\/5.png\u00bb _builder_version=\u00bb4.21.0&#8243; _module_preset=\u00bb69cf5578-674e-4830-ae39-9e7666b5cdfa\u00bb locked=\u00bboff\u00bb global_colors_info=\u00bb{}\u00bb]<\/p>\n<p><span>Utilizamos materiales de primera calidad y reparamos meticulosamente la zona de trabajo contando con conocimientos exactos de la colocaci\u00f3n de telas asf\u00e1lticas, limpiando y emulsionando la zona de trabajo y soldando mediante sopletes, quedando la l\u00e1mina asf\u00e1ltica completamente fundida a la superficie a tratar eliminando cualquier fisura, filtraci\u00f3n o condensaci\u00f3n que se pudiera ocasionar. Colocamos todo tipo de tela asf\u00e1ltica, tela de aluminio auto protegida, tela mineral de pizarra cualquier color, tela negra elast\u00f3mera, tela negra oxiasfalto y membrana de PVC y tegola.<\/span><\/p>\n<p>[\/et_pb_blurb][\/et_pb_column][\/et_pb_row][et_pb_row column_structure=\u00bb1_2,1_2&#8243; custom_padding_last_edited=\u00bbon|tablet\u00bb _builder_version=\u00bb4.19.0&#8243; _module_preset=\u00bbdefault\u00bb custom_padding_tablet=\u00bb||0px||false|false\u00bb custom_padding_phone=\u00bb\u00bb global_colors_info=\u00bb{}\u00bb][et_pb_column type=\u00bb1_2&#8243; _builder_version=\u00bb4.19.0&#8243; _module_preset=\u00bbdefault\u00bb global_colors_info=\u00bb{}\u00bb][et_pb_blurb title=\u00bbTejados\u00bb image=\u00bbhttps:\/\/reparaciongoterasytejados.es\/wp-content\/uploads\/2023\/06\/4.png\u00bb _builder_version=\u00bb4.21.0&#8243; _module_preset=\u00bb69cf5578-674e-4830-ae39-9e7666b5cdfa\u00bb locked=\u00bboff\u00bb global_colors_info=\u00bb{}\u00bb]<\/p>\n<p>Colocaci\u00f3n de teja plana, curva y mixta, colocaci\u00f3n de pizarra y tegola, instalaci\u00f3n de chapa s\u00e1ndwich, chapa grecada o trapezoidal, uralita, chapa plana e impermeabilizaciones de tela asf\u00e1ltica<span> <\/span><\/p>\n<p><span><strong>Montaje de cubiertas <\/strong>lisas, s\u00e1ndwich, uralita y tablero hidr\u00f3fugo, colocaci\u00f3n y limpieza de tragaluces en naves industriales, particulares y empresas, estructuras met\u00e1licas o de madera.\u00a0<\/span><\/p>\n<p>[\/et_pb_blurb][\/et_pb_column][et_pb_column type=\u00bb1_2&#8243; _builder_version=\u00bb4.19.0&#8243; _module_preset=\u00bbdefault\u00bb global_colors_info=\u00bb{}\u00bb][et_pb_blurb title=\u00bbCanalones y limas\u00bb image=\u00bbhttps:\/\/reparaciongoterasytejados.es\/wp-content\/uploads\/2023\/06\/3.png\u00bb _builder_version=\u00bb4.21.0&#8243; _module_preset=\u00bb69cf5578-674e-4830-ae39-9e7666b5cdfa\u00bb locked=\u00bboff\u00bb global_colors_info=\u00bb{}\u00bb]<\/p>\n<p><strong>Montaje y reparaci\u00f3n de canalones<\/strong><span> en cualquier edificio o casa montando canalones de aluminio, cobre natural, chapa galvanizada, cinc, PVC, limas de chapa y cinc.<\/span><\/p>\n<p>Ofrecemos impermeabilizaci\u00f3n de limas ya instaladas.<span><\/span><\/p>\n<p><span><\/span><\/p>\n<p>[\/et_pb_blurb][\/et_pb_column][\/et_pb_row][et_pb_row column_structure=\u00bb1_2,1_2&#8243; _builder_version=\u00bb4.19.0&#8243; _module_preset=\u00bbdefault\u00bb custom_padding=\u00bb||7px|||\u00bb global_colors_info=\u00bb{}\u00bb][et_pb_column type=\u00bb1_2&#8243; _builder_version=\u00bb4.19.0&#8243; _module_preset=\u00bbdefault\u00bb global_colors_info=\u00bb{}\u00bb][et_pb_blurb title=\u00bbMantenimiento de tejados y cubiertas\u00bb image=\u00bbhttps:\/\/reparaciongoterasytejados.es\/wp-content\/uploads\/2023\/06\/6.png\u00bb _builder_version=\u00bb4.21.0&#8243; _module_preset=\u00bb69cf5578-674e-4830-ae39-9e7666b5cdfa\u00bb locked=\u00bboff\u00bb global_colors_info=\u00bb{}\u00bb]<\/p>\n<p>Te ofrecemos la posibilidad de tener tu tejado, cubierta, terraza y canalones, siempre a punto sin que tengas que preocuparte buscando reparadores ya que lo concertamos anualmente. Cons\u00faltanos sin compromiso.<\/p>\n<p>&nbsp;<\/p>\n<p>[\/et_pb_blurb][\/et_pb_column][et_pb_column type=\u00bb1_2&#8243; _builder_version=\u00bb4.19.0&#8243; _module_preset=\u00bbdefault\u00bb global_colors_info=\u00bb{}\u00bb][et_pb_blurb title=\u00bbFontaner\u00eda\u00bb image=\u00bbhttps:\/\/reparaciongoterasytejados.es\/wp-content\/uploads\/2023\/06\/7.png\u00bb _builder_version=\u00bb4.21.0&#8243; _module_preset=\u00bb69cf5578-674e-4830-ae39-9e7666b5cdfa\u00bb locked=\u00bboff\u00bb global_colors_info=\u00bb{}\u00bb]<\/p>\n<p>Realizamos cualquier trabajo de fontaner\u00eds, reparamos aver\u00edas ocasionadas por tuber\u00edas deterioradas as\u00ed como instalaciones nuevas de ascendentes de agua, instalaci\u00f3n de saneamientos, reparaciones en general, acometidas, bajadas&#8230;<\/p>\n<p>[\/et_pb_blurb][\/et_pb_column][\/et_pb_row][\/et_pb_section][et_pb_section fb_built=\u00bb1&#8243; admin_label=\u00bbAbout\u00bb _builder_version=\u00bb4.19.0&#8243; _module_preset=\u00bbdefault\u00bb custom_padding=\u00bb17px||15px|||\u00bb collapsed=\u00bbon\u00bb global_colors_info=\u00bb{}\u00bb][et_pb_row column_structure=\u00bb1_3,2_3&#8243; use_custom_gutter=\u00bbon\u00bb gutter_width=\u00bb2&#8243; _builder_version=\u00bb4.21.0&#8243; _module_preset=\u00bbdefault\u00bb width=\u00bb100%\u00bb max_width=\u00bbnone\u00bb global_colors_info=\u00bb{}\u00bb][et_pb_column type=\u00bb1_3&#8243; _builder_version=\u00bb4.19.0&#8243; _module_preset=\u00bbdefault\u00bb global_colors_info=\u00bb{}\u00bb][et_pb_image src=\u00bbhttps:\/\/reparaciongoterasytejados.es\/wp-content\/uploads\/2023\/06\/plumber-4e.jpg\u00bb title_text=\u00bbplumber-4e\u00bb _builder_version=\u00bb4.19.0&#8243; _module_preset=\u00bbdefault\u00bb max_width_tablet=\u00bb700px\u00bb max_width_phone=\u00bb700px\u00bb max_width_last_edited=\u00bbon|tablet\u00bb module_alignment=\u00bbleft\u00bb module_alignment_tablet=\u00bbcenter\u00bb module_alignment_phone=\u00bbcenter\u00bb module_alignment_last_edited=\u00bbon|tablet\u00bb global_colors_info=\u00bb{}\u00bb][\/et_pb_image][\/et_pb_column][et_pb_column type=\u00bb2_3&#8243; _builder_version=\u00bb4.19.0&#8243; _module_preset=\u00bbdefault\u00bb global_colors_info=\u00bb{}\u00bb][et_pb_image src=\u00bbhttps:\/\/reparaciongoterasytejados.es\/wp-content\/uploads\/2023\/06\/plumber-5.jpg\u00bb title_text=\u00bbplumber-5&#8243; _builder_version=\u00bb4.19.0&#8243; _module_preset=\u00bbdefault\u00bb max_width_tablet=\u00bb700px\u00bb max_width_phone=\u00bb700px\u00bb max_width_last_edited=\u00bbon|tablet\u00bb module_alignment_tablet=\u00bbcenter\u00bb module_alignment_phone=\u00bbcenter\u00bb module_alignment_last_edited=\u00bbon|tablet\u00bb global_colors_info=\u00bb{}\u00bb][\/et_pb_image][\/et_pb_column][\/et_pb_row][et_pb_row column_structure=\u00bb1_2,1_2&#8243; _builder_version=\u00bb4.19.0&#8243; _module_preset=\u00bbdefault\u00bb global_colors_info=\u00bb{}\u00bb][et_pb_column type=\u00bb1_2&#8243; _builder_version=\u00bb4.19.0&#8243; _module_preset=\u00bbdefault\u00bb global_colors_info=\u00bb{}\u00bb][et_pb_text _builder_version=\u00bb4.21.0&#8243; _module_preset=\u00bb0390bb03-982f-4c45-9be6-234d57e202d3&#8243; global_colors_info=\u00bb{}\u00bb]<\/p>\n<h2>Nuestra mejor garant\u00eda nuestro compromiso&#8230;<\/h2>\n<p>[\/et_pb_text][\/et_pb_column][et_pb_column type=\u00bb1_2&#8243; _builder_version=\u00bb4.19.0&#8243; _module_preset=\u00bbdefault\u00bb global_colors_info=\u00bb{}\u00bb][et_pb_text _builder_version=\u00bb4.21.0&#8243; _module_preset=\u00bbd430f920-e2eb-4705-9906-0bad7937d0ac\u00bb global_colors_info=\u00bb{}\u00bb]<\/p>\n<p><span>Contamos con personal cualificado para realizar los trabajos aqu\u00ed descritos con total dedicaci\u00f3n, aplicando y colocando materiales tradicionales y modernos de alta calidad pudiendo garantizar as\u00ed todos nuestros trabajos ya sea en obra nueva como en todas nuestras reparaciones, <\/span><\/p>\n<p><span>Disponemos de herramientas especiales de \u00faltima generaci\u00f3n contando con gr\u00faas y elevadores para realizar trabajos especiales.<\/span><\/p>\n<p>[\/et_pb_text][et_pb_button button_url=\u00bb#contactocu\u00bb button_text=\u00bb\u00bfNecesitas presupuesto?\u00bb _builder_version=\u00bb4.21.0&#8243; _module_preset=\u00bb46f9e3c4-b0ce-46db-ad95-e666d78a49dd\u00bb global_colors_info=\u00bb{}\u00bb][\/et_pb_button][\/et_pb_column][\/et_pb_row][\/et_pb_section][et_pb_section fb_built=\u00bb1&#8243; custom_padding_last_edited=\u00bbon|desktop\u00bb admin_label=\u00bbFooter CTA\u00bb _builder_version=\u00bb4.19.0&#8243; _module_preset=\u00bbdefault\u00bb use_background_color_gradient=\u00bbon\u00bb background_color_gradient_direction=\u00bb90deg\u00bb background_color_gradient_stops=\u00bbrgba(255,255,255,0) 50%|gcid-c61d595c-65d1-455d-b447-e1edcceee1e9 50%\u00bb background_color_gradient_overlays_image=\u00bbon\u00bb background_image=\u00bbhttps:\/\/reparaciongoterasytejados.es\/wp-content\/uploads\/2023\/06\/plumber-22b.jpg\u00bb background_position=\u00bbbottom_center\u00bb custom_padding=\u00bb0px||120px||false|false\u00bb custom_padding_tablet=\u00bb||0px||false|false\u00bb custom_padding_phone=\u00bb||||false|false\u00bb saved_tabs=\u00bball\u00bb collapsed=\u00bbon\u00bb global_colors_info=\u00bb{%22gcid-c61d595c-65d1-455d-b447-e1edcceee1e9%22:%91%22background_color_gradient_stops%22,%22background_color_gradient_stops%22%93}\u00bb][et_pb_row column_structure=\u00bb1_2,1_2&#8243; use_custom_gutter=\u00bbon\u00bb gutter_width=\u00bb1&#8243; make_equal=\u00bbon\u00bb _builder_version=\u00bb4.19.2&#8243; _module_preset=\u00bbdefault\u00bb custom_padding=\u00bb0px||0px||true|false\u00bb box_shadow_style=\u00bbpreset4&#8243; box_shadow_horizontal=\u00bb30vw\u00bb box_shadow_vertical=\u00bb0px\u00bb box_shadow_color=\u00bbgcid-3a379ca8-6bf9-434c-8a61-08511851f29f\u00bb global_colors_info=\u00bb{%22gcid-3a379ca8-6bf9-434c-8a61-08511851f29f%22:%91%22box_shadow_color%22%93}\u00bb][et_pb_column type=\u00bb1_2&#8243; _builder_version=\u00bb4.19.2&#8243; _module_preset=\u00bbdefault\u00bb background_color=\u00bbgcid-ba664267-6f92-4ac5-a88f-855d6fa318fd\u00bb custom_padding=\u00bb40px|20px|40px|20px|true|true\u00bb custom_padding_tablet=\u00bb30px|30px|30px|30px|true|true\u00bb custom_padding_phone=\u00bb20px|20px|20px|20px|true|true\u00bb custom_padding_last_edited=\u00bboff|desktop\u00bb global_colors_info=\u00bb{%22gcid-ba664267-6f92-4ac5-a88f-855d6fa318fd%22:%91%22background_color%22%93}\u00bb][et_pb_text _builder_version=\u00bb4.21.0&#8243; _module_preset=\u00bb9932fea5-3553-4ed2-8924-5e038cc29c08&#8243; header_4_text_color=\u00bb#FFFFFF\u00bb custom_margin=\u00bb||||false|false\u00bb global_colors_info=\u00bb{}\u00bb]<\/p>\n<h4>\u00bfNos vemos?<\/h4>\n<p>[\/et_pb_text][et_pb_text _builder_version=\u00bb4.19.2&#8243; _module_preset=\u00bbeb1ab4ca-a53b-4c25-a6a5-f9b0b1ab7931&#8243; header_3_text_color=\u00bb#FFFFFF\u00bb header_3_font_size=\u00bb40px\u00bb locked=\u00bboff\u00bb global_colors_info=\u00bb{}\u00bb]<\/p>\n<h3>627 91 91 20<\/h3>\n<p>[\/et_pb_text][\/et_pb_column][et_pb_column type=\u00bb1_2&#8243; _builder_version=\u00bb4.19.0&#8243; _module_preset=\u00bbdefault\u00bb background_color=\u00bbgcid-3a379ca8-6bf9-434c-8a61-08511851f29f\u00bb custom_padding=\u00bb40px|40px|40px|40px|true|true\u00bb custom_padding_tablet=\u00bb30px|30px|30px|30px|true|true\u00bb custom_padding_phone=\u00bb20px|20px|20px|20px|true|true\u00bb custom_padding_last_edited=\u00bbon|tablet\u00bb global_colors_info=\u00bb{%22gcid-ba664267-6f92-4ac5-a88f-855d6fa318fd%22:%91%22background_color%22%93,%22gcid-3a379ca8-6bf9-434c-8a61-08511851f29f%22:%91%22background_color%22%93}\u00bb][et_pb_text _builder_version=\u00bb4.21.0&#8243; _module_preset=\u00bbeb1ab4ca-a53b-4c25-a6a5-f9b0b1ab7931&#8243; header_3_text_color=\u00bb#FFFFFF\u00bb global_colors_info=\u00bb{}\u00bb]<\/p>\n<h3>Presupuesto sin compromiso.<\/h3>\n<p>[\/et_pb_text][et_pb_button button_url=\u00bb#contactocu\u00bb button_text=\u00bbSolicitar\u00bb _builder_version=\u00bb4.21.0&#8243; _module_preset=\u00bb8f13dafe-e591-4237-bfe6-a33cdf00e8d5&#8243; locked=\u00bboff\u00bb global_colors_info=\u00bb{}\u00bb][\/et_pb_button][\/et_pb_column][\/et_pb_row][\/et_pb_section][et_pb_section fb_built=\u00bb1&#8243; module_id=\u00bbcontactocu\u00bb _builder_version=\u00bb4.21.0&#8243; _module_preset=\u00bbdefault\u00bb global_colors_info=\u00bb{}\u00bb][et_pb_row column_structure=\u00bb1_3,2_3&#8243; _builder_version=\u00bb4.21.0&#8243; _module_preset=\u00bbdefault\u00bb global_colors_info=\u00bb{}\u00bb][et_pb_column type=\u00bb1_3&#8243; _builder_version=\u00bb4.21.0&#8243; _module_preset=\u00bbdefault\u00bb global_colors_info=\u00bb{}\u00bb][et_pb_image src=\u00bbhttps:\/\/reparaciongoterasytejados.es\/wp-content\/uploads\/2023\/08\/Cutesa-TRAN.png\u00bb title_text=\u00bbCutesa TRAN\u00bb align=\u00bbcenter\u00bb align_tablet=\u00bbcenter\u00bb align_phone=\u00bbcenter\u00bb align_last_edited=\u00bbon|desktop\u00bb _builder_version=\u00bb4.22.1&#8243; _module_preset=\u00bbdefault\u00bb width_tablet=\u00bb\u00bb width_phone=\u00bb79%\u00bb width_last_edited=\u00bbon|phone\u00bb hover_enabled=\u00bb0&#8243; global_colors_info=\u00bb{}\u00bb sticky_enabled=\u00bb0&#8243;][\/et_pb_image][\/et_pb_column][et_pb_column type=\u00bb2_3&#8243; _builder_version=\u00bb4.21.0&#8243; _module_preset=\u00bbdefault\u00bb global_colors_info=\u00bb{}\u00bb][et_pb_contact_form email=\u00bbinfo.jl78sanchez@gmail.com\u00bb success_message=\u00bbGracias por su solicitud, contactaremos lo antes posible\u00bb _builder_version=\u00bb4.21.0&#8243; _module_preset=\u00bbdefault\u00bb _unique_id=\u00bb52dfc9c0-dbd8-4463-80b6-168d108dc69e\u00bb global_colors_info=\u00bb{}\u00bb][et_pb_contact_field field_id=\u00bbName\u00bb field_title=\u00bbNombre\u00bb _builder_version=\u00bb4.16&#8243; global_colors_info=\u00bb{}\u00bb button_text_size__hover_enabled=\u00bboff\u00bb button_one_text_size__hover_enabled=\u00bboff\u00bb button_two_text_size__hover_enabled=\u00bboff\u00bb button_text_color__hover_enabled=\u00bboff\u00bb button_one_text_color__hover_enabled=\u00bboff\u00bb button_two_text_color__hover_enabled=\u00bboff\u00bb button_border_width__hover_enabled=\u00bboff\u00bb button_one_border_width__hover_enabled=\u00bboff\u00bb button_two_border_width__hover_enabled=\u00bboff\u00bb button_border_color__hover_enabled=\u00bboff\u00bb button_one_border_color__hover_enabled=\u00bboff\u00bb button_two_border_color__hover_enabled=\u00bboff\u00bb button_border_radius__hover_enabled=\u00bboff\u00bb button_one_border_radius__hover_enabled=\u00bboff\u00bb button_two_border_radius__hover_enabled=\u00bboff\u00bb button_letter_spacing__hover_enabled=\u00bboff\u00bb button_one_letter_spacing__hover_enabled=\u00bboff\u00bb button_two_letter_spacing__hover_enabled=\u00bboff\u00bb button_bg_color__hover_enabled=\u00bboff\u00bb button_one_bg_color__hover_enabled=\u00bboff\u00bb button_two_bg_color__hover_enabled=\u00bboff\u00bb][\/et_pb_contact_field][et_pb_contact_field field_id=\u00bbEmail\u00bb field_title=\u00bbDirecci\u00f3n de correo electr\u00f3nico\u00bb field_type=\u00bbemail\u00bb _builder_version=\u00bb4.16&#8243; global_colors_info=\u00bb{}\u00bb button_text_size__hover_enabled=\u00bboff\u00bb button_one_text_size__hover_enabled=\u00bboff\u00bb button_two_text_size__hover_enabled=\u00bboff\u00bb button_text_color__hover_enabled=\u00bboff\u00bb button_one_text_color__hover_enabled=\u00bboff\u00bb button_two_text_color__hover_enabled=\u00bboff\u00bb button_border_width__hover_enabled=\u00bboff\u00bb button_one_border_width__hover_enabled=\u00bboff\u00bb button_two_border_width__hover_enabled=\u00bboff\u00bb button_border_color__hover_enabled=\u00bboff\u00bb button_one_border_color__hover_enabled=\u00bboff\u00bb button_two_border_color__hover_enabled=\u00bboff\u00bb button_border_radius__hover_enabled=\u00bboff\u00bb button_one_border_radius__hover_enabled=\u00bboff\u00bb button_two_border_radius__hover_enabled=\u00bboff\u00bb button_letter_spacing__hover_enabled=\u00bboff\u00bb button_one_letter_spacing__hover_enabled=\u00bboff\u00bb button_two_letter_spacing__hover_enabled=\u00bboff\u00bb button_bg_color__hover_enabled=\u00bboff\u00bb button_one_bg_color__hover_enabled=\u00bboff\u00bb button_two_bg_color__hover_enabled=\u00bboff\u00bb][\/et_pb_contact_field][et_pb_contact_field field_id=\u00bbMessage\u00bb field_title=\u00bbMensaje\u00bb field_type=\u00bbtext\u00bb fullwidth_field=\u00bbon\u00bb _builder_version=\u00bb4.16&#8243; global_colors_info=\u00bb{}\u00bb button_text_size__hover_enabled=\u00bboff\u00bb button_one_text_size__hover_enabled=\u00bboff\u00bb button_two_text_size__hover_enabled=\u00bboff\u00bb button_text_color__hover_enabled=\u00bboff\u00bb button_one_text_color__hover_enabled=\u00bboff\u00bb button_two_text_color__hover_enabled=\u00bboff\u00bb button_border_width__hover_enabled=\u00bboff\u00bb button_one_border_width__hover_enabled=\u00bboff\u00bb button_two_border_width__hover_enabled=\u00bboff\u00bb button_border_color__hover_enabled=\u00bboff\u00bb button_one_border_color__hover_enabled=\u00bboff\u00bb button_two_border_color__hover_enabled=\u00bboff\u00bb button_border_radius__hover_enabled=\u00bboff\u00bb button_one_border_radius__hover_enabled=\u00bboff\u00bb button_two_border_radius__hover_enabled=\u00bboff\u00bb button_letter_spacing__hover_enabled=\u00bboff\u00bb button_one_letter_spacing__hover_enabled=\u00bboff\u00bb button_two_letter_spacing__hover_enabled=\u00bboff\u00bb button_bg_color__hover_enabled=\u00bboff\u00bb button_one_bg_color__hover_enabled=\u00bboff\u00bb button_two_bg_color__hover_enabled=\u00bboff\u00bb][\/et_pb_contact_field][\/et_pb_contact_form][\/et_pb_column][\/et_pb_row][\/et_pb_section]<\/p>\n","protected":false},"excerpt":{"rendered":"<p>Tejados, impermeabilizaciones y fontaner\u00edaSomos una Empresa especializada en\u00a0reparaci\u00f3n de tejados, goteras, cubiertas, impermeabilizaciones, tejados de naves industriales, montaje de canalones, tejados de teja, limpieza de tejados y cubiertas, limpieza de canalones, control de aves y fontaner\u00eda.&nbsp; &nbsp; &nbsp; &nbsp; &nbsp; &nbsp; &nbsp;Presupuesto sin compromiso627 91 91 20Nuestros ServiciosReparaciones de tejados\u00a0y soluciones definitivas de\u00a0goteras\u00a0para particulares, y [&hellip;]<\/p>\n","protected":false},"author":1,"featured_media":0,"parent":0,"menu_order":0,"comment_status":"closed","ping_status":"closed","template":"","meta":{"_et_pb_use_builder":"on","_et_pb_old_content":"","_et_gb_content_width":"","_joinchat":[],"footnotes":""},"class_list":["post-5","page","type-page","status-publish","hentry"],"_links":{"self":[{"href":"https:\/\/reparaciongoterasytejados.es\/index.php?rest_route=\/wp\/v2\/pages\/5","targetHints":{"allow":["GET"]}}],"collection":[{"href":"https:\/\/reparaciongoterasytejados.es\/index.php?rest_route=\/wp\/v2\/pages"}],"about":[{"href":"https:\/\/reparaciongoterasytejados.es\/index.php?rest_route=\/wp\/v2\/types\/page"}],"author":[{"embeddable":true,"href":"https:\/\/reparaciongoterasytejados.es\/index.php?rest_route=\/wp\/v2\/users\/1"}],"replies":[{"embeddable":true,"href":"https:\/\/reparaciongoterasytejados.es\/index.php?rest_route=%2Fwp%2Fv2%2Fcomments&post=5"}],"version-history":[{"count":16,"href":"https:\/\/reparaciongoterasytejados.es\/index.php?rest_route=\/wp\/v2\/pages\/5\/revisions"}],"predecessor-version":[{"id":83,"href":"https:\/\/reparaciongoterasytejados.es\/index.php?rest_route=\/wp\/v2\/pages\/5\/revisions\/83"}],"wp:attachment":[{"href":"https:\/\/reparaciongoterasytejados.es\/index.php?rest_route=%2Fwp%2Fv2%2Fmedia&parent=5"}],"curies":[{"name":"wp","href":"https:\/\/api.w.org\/{rel}","templated":true}]}}